{"id":4025,"date":"2024-05-16T09:30:23","date_gmt":"2024-05-16T07:30:23","guid":{"rendered":"https:\/\/www.die-mitfahrzentrale.de\/?page_id=4025"},"modified":"2024-05-16T10:40:07","modified_gmt":"2024-05-16T08:40:07","slug":"digital-services-act","status":"publish","type":"page","link":"https:\/\/www.die-mitfahrzentrale.de\/en\/digital-services-act\/","title":{"rendered":"Digital Services Act"},"content":{"rendered":"<p>Mit Hilfe dieses Kontaktformulars k\u00f6nnen Sie Ihre Beschwerden gen\u00e4\u00df des Digital Service Act (DSA) f\u00fcr die Seiten www.mifaz.de und www.die-mitfahrzentrale.de an uns richten.<\/p>\n<style id=\"wpforms-css-vars-4022\">\n\t\t\t\t#wpforms-4022 {\n\t\t\t\t\n\t\t\t}\n\t\t\t<\/style><div class=\"wpforms-container wpforms-container-full wpforms-render-modern\" id=\"wpforms-4022\"><form id=\"wpforms-form-4022\" class=\"wpforms-validate wpforms-form wpforms-ajax-form\" data-formid=\"4022\" method=\"post\" enctype=\"multipart\/form-data\" action=\"\/en\/wp-json\/wp\/v2\/pages\/4025\" data-token=\"0aebbe9a491b05efef9722fc1f054d9f\" data-token-time=\"1777504021\"><noscript class=\"wpforms-error-noscript\">Please enable JavaScript in your browser to complete this form.<\/noscript><div id=\"wpforms-error-noscript\" style=\"display: none;\">Please enable JavaScript in your browser to complete this form.<\/div><div class=\"wpforms-field-container\"><div id=\"wpforms-4022-field_0-container\" class=\"wpforms-field wpforms-field-name\" data-field-id=\"0\"><fieldset><legend class=\"wpforms-field-label\">Name <span class=\"wpforms-required-label\" aria-hidden=\"true\">*<\/span><\/legend><div class=\"wpforms-field-row wpforms-field-medium\"><div class=\"wpforms-field-row-block wpforms-first wpforms-one-half\"><input type=\"text\" id=\"wpforms-4022-field_0\" class=\"wpforms-field-name-first wpforms-field-required\" name=\"wpforms[fields][0][first]\" aria-errormessage=\"wpforms-4022-field_0-error\" required><label for=\"wpforms-4022-field_0\" class=\"wpforms-field-sublabel after\">First<\/label><\/div><div class=\"wpforms-field-row-block wpforms-one-half\"><input type=\"text\" id=\"wpforms-4022-field_0-last\" class=\"wpforms-field-name-last wpforms-field-required\" name=\"wpforms[fields][0][last]\" aria-errormessage=\"wpforms-4022-field_0-last-error\" required><label for=\"wpforms-4022-field_0-last\" class=\"wpforms-field-sublabel after\">Last<\/label><\/div><\/div><\/fieldset><\/div><div id=\"wpforms-4022-field_1-container\" class=\"wpforms-field wpforms-field-email\" data-field-id=\"1\"><label class=\"wpforms-field-label\" for=\"wpforms-4022-field_1\">E-Mail-Adresse <span class=\"wpforms-required-label\" aria-hidden=\"true\">*<\/span><\/label><input type=\"email\" id=\"wpforms-4022-field_1\" class=\"wpforms-field-medium wpforms-field-required\" name=\"wpforms[fields][1]\" spellcheck=\"false\" aria-errormessage=\"wpforms-4022-field_1-error\" required><\/div><div id=\"wpforms-4022-field_2-container\" class=\"wpforms-field wpforms-field-textarea\" data-field-id=\"2\"><label class=\"wpforms-field-label\" for=\"wpforms-4022-field_2\">Bitte benennen Sie die aus Ihrer Sicht rechtswidrige Information und begr\u00fcnden Sie, warum Sie diese als rechtswidrig ansehen.<\/label><textarea id=\"wpforms-4022-field_2\" class=\"wpforms-field-medium\" name=\"wpforms[fields][2]\" aria-errormessage=\"wpforms-4022-field_2-error\" ><\/textarea><\/div><div id=\"wpforms-4022-field_4-container\" class=\"wpforms-field wpforms-field-textarea\" data-field-id=\"4\"><label class=\"wpforms-field-label\" for=\"wpforms-4022-field_4\">Bitte teilen Sie mit, wo sich dieser Inhalt befindet (z.B. genaue URL-Adresse sowie weitere zweckdienliche Informationen zur Ermittlung des Inhalts).<\/label><textarea id=\"wpforms-4022-field_4\" class=\"wpforms-field-medium\" name=\"wpforms[fields][4]\" aria-errormessage=\"wpforms-4022-field_4-error\" ><\/textarea><\/div><div id=\"wpforms-4022-field_5-container\" class=\"wpforms-field wpforms-field-textarea\" data-field-id=\"5\"><label class=\"wpforms-field-label\" for=\"wpforms-4022-field_5\">Bitte geben Sie Ihren Namen und Ihre E-Mail-Adresse bzw. den Namen und die EMail- Adresse der Organisation, f\u00fcr die Sie die Meldung durchf\u00fchren<\/label><textarea id=\"wpforms-4022-field_5\" class=\"wpforms-field-medium\" name=\"wpforms[fields][5]\" aria-errormessage=\"wpforms-4022-field_5-error\" ><\/textarea><\/div><div id=\"wpforms-4022-field_3-container\" class=\"wpforms-field wpforms-field-checkbox\" data-field-id=\"3\"><fieldset><legend class=\"wpforms-field-label\">Checkboxen <span class=\"wpforms-required-label\" aria-hidden=\"true\">*<\/span><\/legend><ul id=\"wpforms-4022-field_3\" class=\"wpforms-field-required\"><li class=\"choice-3 depth-1\"><input type=\"checkbox\" id=\"wpforms-4022-field_3_3\" name=\"wpforms[fields][3][]\" value=\"Agb Und Datenschutz\" aria-errormessage=\"wpforms-4022-field_3_3-error\" aria-describedby=\"wpforms-4022-field_3-description\" required ><label class=\"wpforms-field-label-inline\" for=\"wpforms-4022-field_3_3\">Agb Und Datenschutz<\/label><\/li><\/ul><div id=\"wpforms-4022-field_3-description\" class=\"wpforms-field-description\">Hinweis zum <a href=\"https:\/\/www.mifaz.de\/de\/datenschutz\">Datenschutz<\/a> <\/div><\/fieldset><\/div><\/div><!-- .wpforms-field-container --><div class=\"wpforms-submit-container\" ><input type=\"hidden\" name=\"wpforms[id]\" value=\"4022\"><input type=\"hidden\" name=\"page_title\" value=\"\"><input type=\"hidden\" name=\"page_url\" value=\"https:\/\/www.die-mitfahrzentrale.de\/en\/wp-json\/wp\/v2\/pages\/4025\"><input type=\"hidden\" name=\"url_referer\" value=\"\"><button type=\"submit\" name=\"wpforms[submit]\" id=\"wpforms-submit-4022\" class=\"wpforms-submit\" data-alt-text=\"Wird gesendet\u00a0\u2026\" data-submit-text=\"Absenden\" aria-live=\"assertive\" value=\"wpforms-submit\">Absenden<\/button><img loading=\"lazy\" decoding=\"async\" src=\"https:\/\/www.die-mitfahrzentrale.de\/wp-content\/plugins\/wpforms-lite\/assets\/images\/submit-spin.svg\" class=\"wpforms-submit-spinner\" style=\"display: none;\" width=\"26\" height=\"26\" alt=\"Loading\"><\/div><\/form><\/div>  <!-- .wpforms-container -->\n<h3>Hinweis:<\/h3>\n<p>Sie k\u00f6nnen im Formular diese Erkl\u00e4rung auch anonym abgeben.<\/p>\n<h3>Erkl\u00e4rung der meldenden Person:<\/h3>\n<p>Die meldende \u201cPerson im Menschenrecht\u201d oder \u201cEinrichtung\u201d erkl\u00e4rt hiermit, dass die in der Meldung enthaltenen Angaben und Ausf\u00fchrungen richtig und vollst\u00e4ndig f\u00fcr die ben\u00f6tigte Meldung ausgef\u00fcllt sind.<\/p>\n<h3>Datenschutzhinweis:<\/h3>\n<p>Wenn wir eine Meldung nach dem Art. 16 DSA erhalten, werden alle damit verbundenen personenbezogenen Daten zweckgebunden zur \u00dcberpr\u00fcfung und korrekten Bearbeitung der Meldung von uns verarbeitet. Das umfasst auch<br \/>\npersonenbezogene Daten der meldenden Person, sofern diese angegeben wurden (z.B. Namen, E-Mail-Adressen). Die personenbezogenen Daten aus der Meldung werden zweckgebunden verarbeitet und nach Wegfall des Verarbeitungszwecks gel\u00f6scht. Die Datenverarbeitungen erfolgen auf Grundlage von Art. 6 Abs. 1 lit. c DSGVO in Verbindung<br \/>\nmit Art. 16 Digital Service Act (DSA). Sie haben jederzeit das Recht, unentgeltlich Auskunft \u00fcber Herkunft, Empf\u00e4nger und Zweck Ihrer gespeicherten personenbezogenen Daten zu erhalten. Ihnen steht au\u00dferdem ein Recht auf Widerspruch, auf Daten\u00fcbertragbarkeit und ein Beschwerderecht bei der zust\u00e4ndigen Aufsichtsbeh\u00f6rde zu. Ferner k\u00f6nnen Sie die Berichtigung, die L\u00f6schung und unter bestimmten Umst\u00e4nden die Einschr\u00e4nkung der Verarbeitung Ihrer personenbezogenen Daten verlangen. Details entnehmen Sie unserer Datenschutzerkl\u00e4rung auf unserer Website.<\/p>\n","protected":false},"excerpt":{"rendered":"<p>Mit Hilfe dieses Kontaktformulars k\u00f6nnen Sie Ihre Beschwerden gen\u00e4\u00df des Digital Service Act (DSA) f\u00fcr die Seiten www.mifaz.de und www.die-mitfahrzentrale.de an uns richten. Please enable JavaScript in your browser to complete this form.Please enable JavaScript in your browser to complete this form.Name *FirstLastE-Mail-Adresse *Bitte benennen Sie die aus Ihrer Sicht rechtswidrige Information und begr\u00fcnden Sie, warum Sie diese als rechtswidrig ansehen.Bitte teilen Sie mit, wo sich dieser Inhalt befindet (z.B. genaue URL-Adresse sowie weitere zweckdienliche [&hellip;]<\/p>\n","protected":false},"author":1,"featured_media":0,"parent":0,"menu_order":0,"comment_status":"closed","ping_status":"closed","template":"","meta":{"footnotes":""},"folder":[],"class_list":["post-4025","page","type-page","status-publish","hentry"],"_links":{"self":[{"href":"https:\/\/www.die-mitfahrzentrale.de\/en\/wp-json\/wp\/v2\/pages\/4025","targetHints":{"allow":["GET"]}}],"collection":[{"href":"https:\/\/www.die-mitfahrzentrale.de\/en\/wp-json\/wp\/v2\/pages"}],"about":[{"href":"https:\/\/www.die-mitfahrzentrale.de\/en\/wp-json\/wp\/v2\/types\/page"}],"author":[{"embeddable":true,"href":"https:\/\/www.die-mitfahrzentrale.de\/en\/wp-json\/wp\/v2\/users\/1"}],"replies":[{"embeddable":true,"href":"https:\/\/www.die-mitfahrzentrale.de\/en\/wp-json\/wp\/v2\/comments?post=4025"}],"version-history":[{"count":3,"href":"https:\/\/www.die-mitfahrzentrale.de\/en\/wp-json\/wp\/v2\/pages\/4025\/revisions"}],"predecessor-version":[{"id":4031,"href":"https:\/\/www.die-mitfahrzentrale.de\/en\/wp-json\/wp\/v2\/pages\/4025\/revisions\/4031"}],"wp:attachment":[{"href":"https:\/\/www.die-mitfahrzentrale.de\/en\/wp-json\/wp\/v2\/media?parent=4025"}],"wp:term":[{"taxonomy":"folder","embeddable":true,"href":"https:\/\/www.die-mitfahrzentrale.de\/en\/wp-json\/wp\/v2\/folder?post=4025"}],"curies":[{"name":"wp","href":"https:\/\/api.w.org\/{rel}","templated":true}]}}